{"id":5083,"date":"2020-02-21T18:08:48","date_gmt":"2020-02-21T16:08:48","guid":{"rendered":"https:\/\/deal-project.info\/formacion\/"},"modified":"2021-02-01T13:36:12","modified_gmt":"2021-02-01T11:36:12","slug":"formacion","status":"publish","type":"page","link":"https:\/\/deal-project.info\/es\/formacion\/","title":{"rendered":"Formaci\u00f3n"},"content":{"rendered":"<p>[vc_row][vc_column][vc_column_text]<\/p>\n<h2 style=\"text-align: center;\">Formaci\u00f3n<\/h2>\n<p style=\"text-align: justify;\">Debido a los diferentes contextos nacionales en Dinamarca, Holanda, Italia y Grecia, el material se desarrollar\u00e1 con algunas partes que son comunes para todos los pa\u00edses y algunas partes que son diferentes de un pa\u00eds a otro. Las partes comunes estar\u00e1n disponibles en ingl\u00e9s y traducidas a los idiomas nacionales, mientras que las partes que est\u00e1n espec\u00edficamente relacionadas con las condiciones espec\u00edficas en uno de los pa\u00edses estar\u00e1n \u00fanicamente en el idioma nacional. El material constar\u00e1 de textos, casos, videos, ejercicios, juegos de rol, pruebas para los participantes del curso y una Gu\u00eda del profesor con informaci\u00f3n sobre el plan nacional de demencia de cada pa\u00eds, informaci\u00f3n sobre investigaciones recientes y referencias. Tanto el material como la gu\u00eda del profesor estar\u00e1n disponibles en Internet. Es la primera vez que un programa de capacitaci\u00f3n \/ curso de capacitaci\u00f3n \/ material de capacitaci\u00f3n de este tipo se produce sobre la base de: una estrecha cooperaci\u00f3n entre la educaci\u00f3n y el lugar de trabajo y en el otra parte: con aportes de pa\u00edses con diferentes enfoques para el cuidado de personas con demencia. Exactamente porque se produce en cooperaci\u00f3n entre las dos partes a nivel nacional y est\u00e1 muy orientado a la pr\u00e1ctica, ser\u00e1 transferible y \u00fatil para la educaci\u00f3n futura y la capacitaci\u00f3n continua en el campo de la atenci\u00f3n para personas que padecen demencia.<\/p>\n<p>[\/vc_column_text][\/vc_column][\/vc_row][vc_row][vc_column width=\u00bb1\/3&#8243;][\/vc_column][vc_column width=\u00bb1\/3&#8243;][vc_column_text]<b><div id=\"ld-course-list-content-b249b081f2888455056e5168617ae053\" class=\"ld-course-list-content\" data-shortcode-atts=\"{&quot;col&quot;:&quot;1&quot;}\">\n\t\t\t<div class=\"ld-course-list-items row\">\n\t<!-- LearnDash Course Grid v1 --><div class=\"ld_course_grid col-sm-12 col-md-12 \">\n\t<article id=\"post-7696\" class=\" thumbnail course post-7696 sfwd-courses type-sfwd-courses status-publish has-post-thumbnail hentry\">\n\t\t\t\t\t\t\t\t<div class=\"ribbon free\">\n\t\t\t\tFree\t\t\t<\/div>\n\t\t\t\n\t\t\t\t\t\t<a href=\"https:\/\/deal-project.info\/es\/courses\/formacion-course\/\" rel=\"bookmark\">\n\t\t\t\t<img loading=\"lazy\" decoding=\"async\" width=\"300\" height=\"158\" src=\"https:\/\/deal-project.info\/wp-content\/uploads\/2019\/11\/deal-training-1200x630-1-300x158.jpg\" class=\"attachment-medium size-medium wp-post-image\" alt=\"\" srcset=\"https:\/\/deal-project.info\/wp-content\/uploads\/2019\/11\/deal-training-1200x630-1-300x158.jpg 300w, https:\/\/deal-project.info\/wp-content\/uploads\/2019\/11\/deal-training-1200x630-1-1024x538.jpg 1024w, https:\/\/deal-project.info\/wp-content\/uploads\/2019\/11\/deal-training-1200x630-1-768x403.jpg 768w, https:\/\/deal-project.info\/wp-content\/uploads\/2019\/11\/deal-training-1200x630-1-400x210.jpg 400w, https:\/\/deal-project.info\/wp-content\/uploads\/2019\/11\/deal-training-1200x630-1.jpg 1200w\" sizes=\"(max-width: 300px) 100vw, 300px\" \/>\t\t\t<\/a>\n\t\t\t\t\t\n\t\t\t\t\t<div class=\"caption\">\n\t\t\t\t<h3 class=\"entry-title\">Curso de formaci\u00f3n<\/h3>\n\t\t\t\t\t\t\t\t<div class=\"ld_course_grid_button\"><a class=\"btn btn-primary\" role=\"button\" href=\"https:\/\/deal-project.info\/es\/courses\/formacion-course\/\" rel=\"bookmark\">ver m\u00e1s...<\/a><\/div>\n\t\t\t\t\t\t\t<\/div><!-- .entry-header -->\n\t\t\t<\/article><!-- #post-## -->\n<\/div><!-- .ld_course_grid -->\n\t<\/div>\n\t\t\t<\/div>\n\t\t<\/b>[\/vc_column_text][\/vc_column][vc_column width=\u00bb1\/3&#8243;][\/vc_column][\/vc_row]<\/p>\n","protected":false},"excerpt":{"rendered":"<p>[vc_row][vc_column][vc_column_text] Formaci\u00f3n Debido a los diferentes contextos nacionales en Dinamarca, Holanda, Italia y Grecia, el material se desarrollar\u00e1 con algunas partes que son comunes para todos los pa\u00edses y algunas<\/p>\n","protected":false},"author":1,"featured_media":4121,"parent":0,"menu_order":0,"comment_status":"closed","ping_status":"closed","template":"tmp-page.php","meta":{"footnotes":""},"yoast_head":"<!-- This site is optimized with the Yoast SEO plugin v15.2.1 - https:\/\/yoast.com\/wordpress\/plugins\/seo\/ -->\n<title>Formaci\u00f3n | DEAL<\/title>\n<meta name=\"robots\" content=\"index, follow, max-snippet:-1, max-image-preview:large, max-video-preview:-1\" \/>\n<link rel=\"canonical\" href=\"https:\/\/deal-project.info\/es\/formacion\/\" \/>\n<meta property=\"og:locale\" content=\"es_ES\" \/>\n<meta property=\"og:type\" content=\"article\" \/>\n<meta property=\"og:title\" content=\"Formaci\u00f3n | DEAL\" \/>\n<meta property=\"og:description\" content=\"[vc_row][vc_column][vc_column_text] Formaci\u00f3n Debido a los diferentes contextos nacionales en Dinamarca, Holanda, Italia y Grecia, el material se desarrollar\u00e1 con algunas partes que son comunes para todos los pa\u00edses y algunas\" \/>\n<meta property=\"og:url\" content=\"https:\/\/deal-project.info\/es\/formacion\/\" \/>\n<meta property=\"og:site_name\" content=\"DEAL\" \/>\n<meta property=\"article:publisher\" content=\"https:\/\/www.facebook.com\/dealproject\/\" \/>\n<meta property=\"article:modified_time\" content=\"2021-02-01T11:36:12+00:00\" \/>\n<meta property=\"og:image\" content=\"https:\/\/deal-project.info\/wp-content\/uploads\/2019\/11\/deal-training-1200x630-1.jpg\" \/>\n\t<meta property=\"og:image:width\" content=\"1200\" \/>\n\t<meta property=\"og:image:height\" content=\"630\" \/>\n<meta name=\"twitter:card\" content=\"summary_large_image\" \/>\n<meta name=\"twitter:label1\" content=\"Escrito por\">\n\t<meta name=\"twitter:data1\" content=\"administratorPGA\">\n\t<meta name=\"twitter:label2\" content=\"Tiempo de lectura\">\n\t<meta name=\"twitter:data2\" content=\"1 minuto\">\n<script type=\"application\/ld+json\" class=\"yoast-schema-graph\">{\"@context\":\"https:\/\/schema.org\",\"@graph\":[{\"@type\":\"Organization\",\"@id\":\"https:\/\/deal-project.info\/#organization\",\"name\":\"DEAL\",\"url\":\"https:\/\/deal-project.info\/\",\"sameAs\":[\"https:\/\/www.facebook.com\/dealproject\/\"],\"logo\":{\"@type\":\"ImageObject\",\"@id\":\"https:\/\/deal-project.info\/#logo\",\"inLanguage\":\"es\",\"url\":\"https:\/\/deal-project.info\/wp-content\/uploads\/2019\/02\/DEAL_LOGO_NEW_PRES_150.png\",\"width\":338,\"height\":150,\"caption\":\"DEAL\"},\"image\":{\"@id\":\"https:\/\/deal-project.info\/#logo\"}},{\"@type\":\"WebSite\",\"@id\":\"https:\/\/deal-project.info\/#website\",\"url\":\"https:\/\/deal-project.info\/\",\"name\":\"DEAL\",\"description\":\"Dementia. Education. Approach. Life.\",\"publisher\":{\"@id\":\"https:\/\/deal-project.info\/#organization\"},\"potentialAction\":[{\"@type\":\"SearchAction\",\"target\":\"https:\/\/deal-project.info\/?s={search_term_string}\",\"query-input\":\"required name=search_term_string\"}],\"inLanguage\":\"es\"},{\"@type\":\"ImageObject\",\"@id\":\"https:\/\/deal-project.info\/es\/formacion\/#primaryimage\",\"inLanguage\":\"es\",\"url\":\"https:\/\/deal-project.info\/wp-content\/uploads\/2019\/11\/deal-training-1200x630-1.jpg\",\"width\":1200,\"height\":630},{\"@type\":\"WebPage\",\"@id\":\"https:\/\/deal-project.info\/es\/formacion\/#webpage\",\"url\":\"https:\/\/deal-project.info\/es\/formacion\/\",\"name\":\"Formaci\\u00f3n | DEAL\",\"isPartOf\":{\"@id\":\"https:\/\/deal-project.info\/#website\"},\"primaryImageOfPage\":{\"@id\":\"https:\/\/deal-project.info\/es\/formacion\/#primaryimage\"},\"datePublished\":\"2020-02-21T16:08:48+00:00\",\"dateModified\":\"2021-02-01T11:36:12+00:00\",\"inLanguage\":\"es\",\"potentialAction\":[{\"@type\":\"ReadAction\",\"target\":[\"https:\/\/deal-project.info\/es\/formacion\/\"]}]}]}<\/script>\n<!-- \/ Yoast SEO plugin. -->","_links":{"self":[{"href":"https:\/\/deal-project.info\/es\/wp-json\/wp\/v2\/pages\/5083"}],"collection":[{"href":"https:\/\/deal-project.info\/es\/wp-json\/wp\/v2\/pages"}],"about":[{"href":"https:\/\/deal-project.info\/es\/wp-json\/wp\/v2\/types\/page"}],"author":[{"embeddable":true,"href":"https:\/\/deal-project.info\/es\/wp-json\/wp\/v2\/users\/1"}],"replies":[{"embeddable":true,"href":"https:\/\/deal-project.info\/es\/wp-json\/wp\/v2\/comments?post=5083"}],"version-history":[{"count":2,"href":"https:\/\/deal-project.info\/es\/wp-json\/wp\/v2\/pages\/5083\/revisions"}],"predecessor-version":[{"id":7823,"href":"https:\/\/deal-project.info\/es\/wp-json\/wp\/v2\/pages\/5083\/revisions\/7823"}],"wp:featuredmedia":[{"embeddable":true,"href":"https:\/\/deal-project.info\/es\/wp-json\/wp\/v2\/media\/4121"}],"wp:attachment":[{"href":"https:\/\/deal-project.info\/es\/wp-json\/wp\/v2\/media?parent=5083"}],"curies":[{"name":"wp","href":"https:\/\/api.w.org\/{rel}","templated":true}]}}