{"id":5079,"date":"2020-02-21T18:07:46","date_gmt":"2020-02-21T16:07:46","guid":{"rendered":"https:\/\/deal-project.info\/sobre\/"},"modified":"2020-02-21T18:07:48","modified_gmt":"2020-02-21T16:07:48","slug":"sobre","status":"publish","type":"page","link":"https:\/\/deal-project.info\/es\/sobre\/","title":{"rendered":"Sobre"},"content":{"rendered":"<p>[vc_row][vc_column][vc_column_text]<\/p>\n<h2 style=\"text-align: center;\">LA DEMENCIA<\/h2>\n<p>Ciertamente no es nada nuevo que el n\u00famero de personas con demencia est\u00e1 creciendo r\u00e1pidamente, no solo en los pa\u00edses que est\u00e1n representados en esta propuesta de proyecto, sino en toda Europa y en todo el mundo.<\/p>\n<p>Las personas viven m\u00e1s tiempo y esta es la raz\u00f3n principal del aumento en el n\u00famero de personas afectadas por la demencia.<\/p>\n<p>En todo el mundo, alrededor de 50 millones de personas tienen demencia, y casi el 60% vive en pa\u00edses de ingresos bajos y medios. Cada a\u00f1o, hay casi 10 millones de casos nuevos. La proporci\u00f3n estimada de la poblaci\u00f3n general de 60 a\u00f1os y m\u00e1s con demencia es de 5 a 8 por cada 100 personas. Se estima que el n\u00famero total de personas con demencia alcance los 82 millones en 2030 y 152 en 2050. Gran parte de este aumento es atribuible al creciente n\u00famero de personas con demencia que viven en pa\u00edses de ingresos bajos y medios.<\/p>\n<p>M\u00e1s de 7 millones de europeos est\u00e1n directamente afectados por la demencia, de los cuales la enfermedad de Alzheimer es la forma m\u00e1s com\u00fan. Para el 2050, habr\u00e1 aproximadamente 18.66 millones de europeos con una enfermedad de demencia. (Fuente: OMS). Las cifras del Centro Dan\u00e9s de Investigaci\u00f3n de la Demencia nos dicen que el n\u00famero de personas diagnosticadas con demencia en Dinamarca aumentar\u00e1 de 87.319 en 2017 a 149.882 en 2040.<\/p>\n<p>Como podemos ver, en el futuro, la cantidad de personas que padecen demenciacrecer\u00e1 y, en consecuencia, la carga socioecon\u00f3mica seguir\u00e1 aumentando. Debido a su prevalencia, costo y profundo impacto en la sociedad, la enfermedad de Alzheimer y otras demencias son prioridades de salud p\u00fablica en los Estados miembros de la UE.<\/p>\n<p>Como la mayor\u00eda de los pa\u00edses europeos est\u00e1n reconociendo el desaf\u00edo al que se enfrentan, han lanzado planes nacionales de demencia con muchas iniciativas por realizar. En los pa\u00edses m\u00e1s ricos, nueva tecnolog\u00eda se desarrolla e implementa en este campo.<\/p>\n<p>Sin embargo, parece que falta un v\u00ednculo entre diferentes aspectos; por un lado: toda la investigaci\u00f3n realizada, todo el conocimiento existente, la conciencia, la enorme cantidad de dinero gastado \u2013 y por otro lado: la prioridad que se le da a este tema en la educaci\u00f3n del personal de atenci\u00f3n b\u00e1sica en las formaciones de atenci\u00f3n en Europa.<br \/>\n<img loading=\"lazy\" decoding=\"async\" class=\"aligncenter wp-image-4003 size-large\" src=\"https:\/\/deal-project.info\/wp-content\/uploads\/2020\/02\/all-grannies-626px-1024x383.png\" alt=\"\" width=\"1024\" height=\"383\" srcset=\"https:\/\/deal-project.info\/wp-content\/uploads\/2020\/02\/all-grannies-626px-1024x383.png 1024w, https:\/\/deal-project.info\/wp-content\/uploads\/2020\/02\/all-grannies-626px-300x112.png 300w, https:\/\/deal-project.info\/wp-content\/uploads\/2020\/02\/all-grannies-626px-768x287.png 768w, https:\/\/deal-project.info\/wp-content\/uploads\/2020\/02\/all-grannies-626px-1536x575.png 1536w, https:\/\/deal-project.info\/wp-content\/uploads\/2020\/02\/all-grannies-626px-400x150.png 400w, https:\/\/deal-project.info\/wp-content\/uploads\/2020\/02\/all-grannies-626px.png 1673w\" sizes=\"(max-width: 1024px) 100vw, 1024px\" \/>[\/vc_column_text][\/vc_column][\/vc_row][vc_row][vc_column][vc_empty_space height=\u00bb50px\u00bb][\/vc_column][\/vc_row][vc_row][vc_column width=\u00bb1\/2&#8243;][vc_column_text]<\/p>\n<h3><strong>Grupos Objetivos<\/strong><\/h3>\n<p>Los grupos objetivo directos de las actividades de este proyecto son los siguientes:<\/p>\n<p>\u2022 Formadores y docentes en educaci\u00f3n asistencial.<\/p>\n<p>\u2022 Alumnos en educaci\u00f3n asistencial.<\/p>\n<p>\u2022 Personal de atenci\u00f3n<\/p>\n<p>\u2022 Responsables en el campo de la educaci\u00f3n.<\/p>\n<p>Sin embargo, los familiares de las personas con demencia tambi\u00e9n se beneficiar\u00e1n de los resultados del proyecto y el beneficiario final es la persona que sufre de demencia.[\/vc_column_text][\/vc_column][vc_column width=\u00bb1\/2&#8243;][vc_column_text]<\/p>\n<h3><strong>Los Objetivos<\/strong><\/h3>\n<p>Los objetivos son:<\/p>\n<p>Mejorar las competencias de los docentes y formadores que educan y capacitan a los cuidadores en relaci\u00f3n con la demencia.<br \/>\nMejorar las competencias de los cuidadores con respecto a la demencia.<\/p>\n<p>Esto incluye no solo adquirir conocimientos, sino tambi\u00e9n considerar el enfoque hacia las personas con demencia.<\/p>\n<p>extender y cualificar la cooperaci\u00f3n entre instituciones educativas y organizaciones de cuidadores<br \/>\nelevar el estatus de la atenci\u00f3n a las personas con demencia, ya que es un \u00e1rea de bajo status en el campo del cuidado y la atenci\u00f3n<br \/>\nhacer m\u00e1s atractivo y, por lo tanto, m\u00e1s f\u00e1cil contratar personal para este tipo de atenci\u00f3n, y para la atenci\u00f3n en general,<br \/>\ndar sugerencias y recomendaciones a los responsables en el campo de la educaci\u00f3n b\u00e1sica de atenci\u00f3n de la salud.<br \/>\nA pesar de los hechos sobre la demencia que se mencionan anteriormente, el tema \u00abdemencia\u00bb tiene poca prioridad en la educaci\u00f3n de atenci\u00f3n b\u00e1sica, por ejemplo, en el personal de asistencia social y de salud dan\u00e9s y en la educaci\u00f3n de trabajadores sociales y de salud.[\/vc_column_text][\/vc_column][\/vc_row][vc_row][vc_column][vc_empty_space height=\u00bb50px\u00bb][\/vc_column][\/vc_row][vc_row][vc_column][vc_column_text]<\/p>\n<h3><strong>\u00bfS\u00f3lo en Europa?<\/strong><\/h3>\n<p>Este proyecto se lleva a cabo a nivel internacional porque queremos intercambiar experiencias y las mejores pr\u00e1cticas entre diferentes formas de cuidar a las personas con demencia en diferentes pa\u00edses, incluido el enfoque de la persona que necesita la atenci\u00f3n. \u00bfQu\u00e9 podemos aprender unos de otros con respecto al cuidado, la rehabilitaci\u00f3n y el enfoque m\u00e1s peque\u00f1o pero no menos importante? \u00bfC\u00f3mo puede el reconocimiento de los procedimientos y pr\u00e1cticas de otros pa\u00edses ayudarnos a mejorar? \u00bfY c\u00f3mo podemos desarrollar cosas nuevas juntos? Esto es lo que vamos a descubrir en el proyecto DEAL.[\/vc_column_text][\/vc_column][\/vc_row]<\/p>\n","protected":false},"excerpt":{"rendered":"<p>[vc_row][vc_column][vc_column_text] LA DEMENCIA Ciertamente no es nada nuevo que el n\u00famero de personas con demencia est\u00e1 creciendo r\u00e1pidamente, no solo en los pa\u00edses que est\u00e1n representados en esta propuesta de<\/p>\n","protected":false},"author":1,"featured_media":4147,"parent":0,"menu_order":0,"comment_status":"closed","ping_status":"closed","template":"tmp-page.php","meta":{"footnotes":""},"yoast_head":"<!-- This site is optimized with the Yoast SEO plugin v15.2.1 - https:\/\/yoast.com\/wordpress\/plugins\/seo\/ -->\n<title>Sobre | DEAL<\/title>\n<meta name=\"robots\" content=\"index, follow, max-snippet:-1, max-image-preview:large, max-video-preview:-1\" \/>\n<link rel=\"canonical\" href=\"https:\/\/deal-project.info\/es\/sobre\/\" \/>\n<meta property=\"og:locale\" content=\"es_ES\" \/>\n<meta property=\"og:type\" content=\"article\" \/>\n<meta property=\"og:title\" content=\"Sobre | DEAL\" \/>\n<meta property=\"og:description\" content=\"[vc_row][vc_column][vc_column_text] LA DEMENCIA Ciertamente no es nada nuevo que el n\u00famero de personas con demencia est\u00e1 creciendo r\u00e1pidamente, no solo en los pa\u00edses que est\u00e1n representados en esta propuesta de\" \/>\n<meta property=\"og:url\" content=\"https:\/\/deal-project.info\/es\/sobre\/\" \/>\n<meta property=\"og:site_name\" content=\"DEAL\" \/>\n<meta property=\"article:publisher\" content=\"https:\/\/www.facebook.com\/dealproject\/\" \/>\n<meta property=\"article:modified_time\" content=\"2020-02-21T16:07:48+00:00\" \/>\n<meta property=\"og:image\" content=\"https:\/\/deal-project.info\/wp-content\/uploads\/2020\/02\/featured-image-about.jpg\" \/>\n\t<meta property=\"og:image:width\" content=\"1200\" \/>\n\t<meta property=\"og:image:height\" content=\"630\" \/>\n<meta name=\"twitter:card\" content=\"summary_large_image\" \/>\n<meta name=\"twitter:label1\" content=\"Escrito por\">\n\t<meta name=\"twitter:data1\" content=\"administratorPGA\">\n\t<meta name=\"twitter:label2\" content=\"Tiempo de lectura\">\n\t<meta name=\"twitter:data2\" content=\"3 minutos\">\n<script type=\"application\/ld+json\" class=\"yoast-schema-graph\">{\"@context\":\"https:\/\/schema.org\",\"@graph\":[{\"@type\":\"Organization\",\"@id\":\"https:\/\/deal-project.info\/#organization\",\"name\":\"DEAL\",\"url\":\"https:\/\/deal-project.info\/\",\"sameAs\":[\"https:\/\/www.facebook.com\/dealproject\/\"],\"logo\":{\"@type\":\"ImageObject\",\"@id\":\"https:\/\/deal-project.info\/#logo\",\"inLanguage\":\"es\",\"url\":\"https:\/\/deal-project.info\/wp-content\/uploads\/2019\/02\/DEAL_LOGO_NEW_PRES_150.png\",\"width\":338,\"height\":150,\"caption\":\"DEAL\"},\"image\":{\"@id\":\"https:\/\/deal-project.info\/#logo\"}},{\"@type\":\"WebSite\",\"@id\":\"https:\/\/deal-project.info\/#website\",\"url\":\"https:\/\/deal-project.info\/\",\"name\":\"DEAL\",\"description\":\"Dementia. Education. Approach. Life.\",\"publisher\":{\"@id\":\"https:\/\/deal-project.info\/#organization\"},\"potentialAction\":[{\"@type\":\"SearchAction\",\"target\":\"https:\/\/deal-project.info\/?s={search_term_string}\",\"query-input\":\"required name=search_term_string\"}],\"inLanguage\":\"es\"},{\"@type\":\"ImageObject\",\"@id\":\"https:\/\/deal-project.info\/es\/sobre\/#primaryimage\",\"inLanguage\":\"es\",\"url\":\"https:\/\/deal-project.info\/wp-content\/uploads\/2020\/02\/featured-image-about.jpg\",\"width\":1200,\"height\":630},{\"@type\":\"WebPage\",\"@id\":\"https:\/\/deal-project.info\/es\/sobre\/#webpage\",\"url\":\"https:\/\/deal-project.info\/es\/sobre\/\",\"name\":\"Sobre | DEAL\",\"isPartOf\":{\"@id\":\"https:\/\/deal-project.info\/#website\"},\"primaryImageOfPage\":{\"@id\":\"https:\/\/deal-project.info\/es\/sobre\/#primaryimage\"},\"datePublished\":\"2020-02-21T16:07:46+00:00\",\"dateModified\":\"2020-02-21T16:07:48+00:00\",\"inLanguage\":\"es\",\"potentialAction\":[{\"@type\":\"ReadAction\",\"target\":[\"https:\/\/deal-project.info\/es\/sobre\/\"]}]}]}<\/script>\n<!-- \/ Yoast SEO plugin. -->","_links":{"self":[{"href":"https:\/\/deal-project.info\/es\/wp-json\/wp\/v2\/pages\/5079"}],"collection":[{"href":"https:\/\/deal-project.info\/es\/wp-json\/wp\/v2\/pages"}],"about":[{"href":"https:\/\/deal-project.info\/es\/wp-json\/wp\/v2\/types\/page"}],"author":[{"embeddable":true,"href":"https:\/\/deal-project.info\/es\/wp-json\/wp\/v2\/users\/1"}],"replies":[{"embeddable":true,"href":"https:\/\/deal-project.info\/es\/wp-json\/wp\/v2\/comments?post=5079"}],"version-history":[{"count":3,"href":"https:\/\/deal-project.info\/es\/wp-json\/wp\/v2\/pages\/5079\/revisions"}],"predecessor-version":[{"id":5082,"href":"https:\/\/deal-project.info\/es\/wp-json\/wp\/v2\/pages\/5079\/revisions\/5082"}],"wp:featuredmedia":[{"embeddable":true,"href":"https:\/\/deal-project.info\/es\/wp-json\/wp\/v2\/media\/4147"}],"wp:attachment":[{"href":"https:\/\/deal-project.info\/es\/wp-json\/wp\/v2\/media?parent=5079"}],"curies":[{"name":"wp","href":"https:\/\/api.w.org\/{rel}","templated":true}]}}