{"id":4358,"date":"2020-02-21T16:25:40","date_gmt":"2020-02-21T14:25:40","guid":{"rendered":"https:\/\/deal-project.info\/om\/"},"modified":"2020-08-21T11:28:22","modified_gmt":"2020-08-21T09:28:22","slug":"om","status":"publish","type":"page","link":"https:\/\/deal-project.info\/da\/om\/","title":{"rendered":"Om"},"content":{"rendered":"<p>[vc_row][vc_column][vc_column_text]<\/p>\n<h2 style=\"text-align: center;\">Demens<\/h2>\n<p>Det er bestemt ikke noget nyt, at antallet af personer med demens vokser hurtigt &#8211; ikke kun i de lande, der er med i dette projekt, men i hele Europa og over hele verden.<\/p>\n<p>Folk lever l\u00e6ngere, og det er den vigtigste \u00e5rsag til stigningen i antallet af mennesker, der er ber\u00f8rt af demens.<\/p>\n<p>P\u00e5 verdensplan har omkring 50 millioner mennesker demens. Heraf bor n\u00e6sten 60% i lav- og mellemindkomstlande. Hvert \u00e5r er der n\u00e6sten 10 millioner nye tilf\u00e6lde. Den estimerede andel af den samlede befolkning p\u00e5 60 \u00e5r og derover med demens p\u00e5 et givet tidspunkt er 5 til 8 pr. 100 mennesker. Det samlede antal personer med demens forventes at n\u00e5 82 millioner i 2030 og 152 i 2050. Meget af denne stigning kan tilskrives det stigende antal mennesker med demens, der bor i lav og -mellemindkomstlande.<\/p>\n<p>Mere end 7 millioner europ\u00e6ere er direkte p\u00e5virket af demens, hvoraf Alzheimers sygdom er den mest almindelige form. I 2050 vil der v\u00e6re ca. 18,66 millioner europ\u00e6ere med en demenssygdom. (Kilde: WHO). Tal fra det danske demensforskningscenter fort\u00e6ller os, at antallet af personer, der er diagnosticeret med demens i Danmark, vil stige fra 87.319 i 2017 til 149.882 i 2040.<\/p>\n<p>Som vi kan se, vil antallet af mennesker, der lider af demens, stige i fremtiden og den socio\u00f8konomiske byrde vil derfor fortsat vokse. Alzheimers sygdom og andre demensformer har p\u00e5 grund af deres udbredelse, omkostningerne forbundet med dem og den dybe indvirkning, de har p\u00e5 samfundet, en h\u00f8j prioritet inden for folkesundheden i EU&#8217;s medlemsstater.<\/p>\n<p>Eftersom de fleste europ\u00e6iske lande anerkender den udfordring, de st\u00e5r overfor, har de lanceret nationale demensplaner med mange initiativer, der skal gennemf\u00f8res. I de mere velhavende lande udvikles og implementeres ny teknologi p\u00e5 omr\u00e5det.<\/p>\n<p>Der ser dog ud til at v\u00e6re en manglende forbindelse mellem p\u00e5 den ene side: al den udf\u00f8rte forskning, al den eksisterende viden, bevidstheden, de enorme bel\u00f8b, der bruges \u2013 og p\u00e5 den anden side: den prioritet, dette emne er givet i uddannelsen af det grundl\u00e6ggende plejepersonale i plejeuddannelserne i Europa.[\/vc_column_text][\/vc_column][\/vc_row][vc_row][vc_column][vc_empty_space height=&#8221;50px&#8221;][\/vc_column][\/vc_row][vc_row][vc_column width=&#8221;1\/2&#8243;][vc_column_text]<\/p>\n<h3><strong>M\u00e5lgrupper<\/strong><\/h3>\n<p>De direkte m\u00e5lgrupper for aktiviteterne i dette projekt er f\u00f8lgende:<br \/>\n\u2022 Undervisere og l\u00e6rere i omsorgsuddannelserne<br \/>\n\u2022 Studerende p\u00e5 omsorgsuddannelserne<br \/>\n\u2022 Omsorgspersonale<br \/>\n\u2022 Beslutningstagere inden for uddannelse<\/p>\n<p>Imidlertid vil p\u00e5r\u00f8rende til personer med demens ogs\u00e5 drage fordel af projektresultaterne og det samme vil i sidste ende de borgere, der lider af demens.[\/vc_column_text][\/vc_column][vc_column width=&#8221;1\/2&#8243;][vc_column_text]<\/p>\n<h3><strong>Vore m\u00e5l<\/strong><\/h3>\n<p>M\u00e5lene er:<br \/>\n\u2022 at forbedre kompetencerne i forhold til demens blandt l\u00e6rere og undervisere, der uddanner og efteruddanner plejepersonale<br \/>\n\u2022 at forbedre kompetencerne i forhold til demens blandt omsorgsgivere<\/p>\n<p>Dette omfatter ikke kun at erhverve sig viden, men ogs\u00e5 at overveje tilgangen til mennesker med demens<br \/>\n\u2022 at udvide og kvalificere samarbejdet mellem uddannelsesinstitutioner og plejeorganisationer<br \/>\n\u2022 at h\u00e6ve demensplejens status, da det er et felt med lav status inden for omsorgsomr\u00e5det.<br \/>\n\u2022 at g\u00f8re det mere attraktivt og dermed lettere at ans\u00e6tte personale til denne form for pleje &#8211; og til pleje generelt<br \/>\n\u2022 at give forslag og anbefalinger til beslutningstagerne inden for de grundl\u00e6ggende sundhedsuddannelse.<br \/>\nP\u00e5 trods af de kendsgerninger om demens, der er n\u00e6vnt i ovenst\u00e5ende, prioriteres emnet \u201ddemens\u201d lavt i de grundl\u00e6ggende plejeuddannelser, for eksempel i de danske social- og sundhedshj\u00e6lper og social- og sundhedsassistentuddannelser.[\/vc_column_text][\/vc_column][\/vc_row][vc_row][vc_column][vc_empty_space height=&#8221;50px&#8221;][\/vc_column][\/vc_row][vc_row][vc_column][vc_column_text]<\/p>\n<h3><strong>Kun i Europa?<\/strong><\/h3>\n<p>Dette projekt gennemf\u00f8res i internationalt regi, fordi vi \u00f8nsker at udveksle erfaringer og bedste praksis mellem meget forskellige m\u00e5der at give omsorg til mennesker med demens i forskellige lande &#8211; inklusive tilgangen til den person, der har behov for plejen. Hvad kan vi l\u00e6re af hinanden med hensyn til pleje, rehabilitering og sidst men ikke mindst holdning og tilgang? Hvordan kan kendskab til procedurer og praksis i andre lande hj\u00e6lpe os med at forbedre vore egne. Og hvordan kan vi udvikle nye ting sammen? Det er, hvad vi vil finde ud af i DEAL-projektet.[\/vc_column_text][\/vc_column][\/vc_row]<\/p>\n","protected":false},"excerpt":{"rendered":"<p>[vc_row][vc_column][vc_column_text] Demens Det er bestemt ikke noget nyt, at antallet af personer med demens vokser hurtigt &#8211; ikke kun i de lande, der er med i dette projekt, men i<\/p>\n","protected":false},"author":1,"featured_media":4143,"parent":0,"menu_order":0,"comment_status":"closed","ping_status":"closed","template":"tmp-page.php","meta":{"footnotes":""},"yoast_head":"<!-- This site is optimized with the Yoast SEO plugin v15.2.1 - https:\/\/yoast.com\/wordpress\/plugins\/seo\/ -->\n<title>Om | DEAL<\/title>\n<meta name=\"robots\" content=\"index, follow, max-snippet:-1, max-image-preview:large, max-video-preview:-1\" \/>\n<link rel=\"canonical\" href=\"https:\/\/deal-project.info\/da\/om\/\" \/>\n<meta property=\"og:locale\" content=\"da_DK\" \/>\n<meta property=\"og:type\" content=\"article\" \/>\n<meta property=\"og:title\" content=\"Om | DEAL\" \/>\n<meta property=\"og:description\" content=\"[vc_row][vc_column][vc_column_text] Demens Det er bestemt ikke noget nyt, at antallet af personer med demens vokser hurtigt &#8211; ikke kun i de lande, der er med i dette projekt, men i\" \/>\n<meta property=\"og:url\" content=\"https:\/\/deal-project.info\/da\/om\/\" \/>\n<meta property=\"og:site_name\" content=\"DEAL\" \/>\n<meta property=\"article:publisher\" content=\"https:\/\/www.facebook.com\/dealproject\/\" \/>\n<meta property=\"article:modified_time\" content=\"2020-08-21T09:28:22+00:00\" \/>\n<meta property=\"og:image\" content=\"https:\/\/deal-project.info\/wp-content\/uploads\/2020\/02\/featured-image-about.jpg\" \/>\n\t<meta property=\"og:image:width\" content=\"1200\" \/>\n\t<meta property=\"og:image:height\" content=\"630\" \/>\n<meta name=\"twitter:card\" content=\"summary_large_image\" \/>\n<meta name=\"twitter:label1\" content=\"Written by\">\n\t<meta name=\"twitter:data1\" content=\"administratorPGA\">\n\t<meta name=\"twitter:label2\" content=\"Est. reading time\">\n\t<meta name=\"twitter:data2\" content=\"3 minutter\">\n<script type=\"application\/ld+json\" class=\"yoast-schema-graph\">{\"@context\":\"https:\/\/schema.org\",\"@graph\":[{\"@type\":\"Organization\",\"@id\":\"https:\/\/deal-project.info\/#organization\",\"name\":\"DEAL\",\"url\":\"https:\/\/deal-project.info\/\",\"sameAs\":[\"https:\/\/www.facebook.com\/dealproject\/\"],\"logo\":{\"@type\":\"ImageObject\",\"@id\":\"https:\/\/deal-project.info\/#logo\",\"inLanguage\":\"da-DK\",\"url\":\"https:\/\/deal-project.info\/wp-content\/uploads\/2019\/02\/DEAL_LOGO_NEW_PRES_150.png\",\"width\":338,\"height\":150,\"caption\":\"DEAL\"},\"image\":{\"@id\":\"https:\/\/deal-project.info\/#logo\"}},{\"@type\":\"WebSite\",\"@id\":\"https:\/\/deal-project.info\/#website\",\"url\":\"https:\/\/deal-project.info\/\",\"name\":\"DEAL\",\"description\":\"Dementia. Education. Approach. Life.\",\"publisher\":{\"@id\":\"https:\/\/deal-project.info\/#organization\"},\"potentialAction\":[{\"@type\":\"SearchAction\",\"target\":\"https:\/\/deal-project.info\/?s={search_term_string}\",\"query-input\":\"required name=search_term_string\"}],\"inLanguage\":\"da-DK\"},{\"@type\":\"ImageObject\",\"@id\":\"https:\/\/deal-project.info\/da\/om\/#primaryimage\",\"inLanguage\":\"da-DK\",\"url\":\"https:\/\/deal-project.info\/wp-content\/uploads\/2020\/02\/featured-image-about.jpg\",\"width\":1200,\"height\":630},{\"@type\":\"WebPage\",\"@id\":\"https:\/\/deal-project.info\/da\/om\/#webpage\",\"url\":\"https:\/\/deal-project.info\/da\/om\/\",\"name\":\"Om | DEAL\",\"isPartOf\":{\"@id\":\"https:\/\/deal-project.info\/#website\"},\"primaryImageOfPage\":{\"@id\":\"https:\/\/deal-project.info\/da\/om\/#primaryimage\"},\"datePublished\":\"2020-02-21T14:25:40+00:00\",\"dateModified\":\"2020-08-21T09:28:22+00:00\",\"inLanguage\":\"da-DK\",\"potentialAction\":[{\"@type\":\"ReadAction\",\"target\":[\"https:\/\/deal-project.info\/da\/om\/\"]}]}]}<\/script>\n<!-- \/ Yoast SEO plugin. -->","_links":{"self":[{"href":"https:\/\/deal-project.info\/da\/wp-json\/wp\/v2\/pages\/4358"}],"collection":[{"href":"https:\/\/deal-project.info\/da\/wp-json\/wp\/v2\/pages"}],"about":[{"href":"https:\/\/deal-project.info\/da\/wp-json\/wp\/v2\/types\/page"}],"author":[{"embeddable":true,"href":"https:\/\/deal-project.info\/da\/wp-json\/wp\/v2\/users\/1"}],"replies":[{"embeddable":true,"href":"https:\/\/deal-project.info\/da\/wp-json\/wp\/v2\/comments?post=4358"}],"version-history":[{"count":5,"href":"https:\/\/deal-project.info\/da\/wp-json\/wp\/v2\/pages\/4358\/revisions"}],"predecessor-version":[{"id":6364,"href":"https:\/\/deal-project.info\/da\/wp-json\/wp\/v2\/pages\/4358\/revisions\/6364"}],"wp:featuredmedia":[{"embeddable":true,"href":"https:\/\/deal-project.info\/da\/wp-json\/wp\/v2\/media\/4143"}],"wp:attachment":[{"href":"https:\/\/deal-project.info\/da\/wp-json\/wp\/v2\/media?parent=4358"}],"curies":[{"name":"wp","href":"https:\/\/api.w.org\/{rel}","templated":true}]}}